{"id":2364,"date":"2022-01-05T09:08:47","date_gmt":"2022-01-05T09:08:47","guid":{"rendered":"https:\/\/www.mawena-food.com\/impressum\/"},"modified":"2022-02-28T12:49:28","modified_gmt":"2022-02-28T12:49:28","slug":"colophon","status":"publish","type":"page","link":"https:\/\/www.mawena-food.com\/it\/colophon\/","title":{"rendered":"Colophon"},"content":{"rendered":"\t\t<div data-elementor-type=\"wp-page\" data-elementor-id=\"2364\" class=\"elementor elementor-2364 elementor-1418\">\n\t\t\t\t\t\t\t\t\t<section class=\"ob-is-breaking-bad elementor-section elementor-top-section elementor-element elementor-element-3c5f61b rechtliches elementor-section-boxed elementor-section-height-default elementor-section-height-default\" data-id=\"3c5f61b\" data-element_type=\"section\" data-settings=\"{&quot;background_background&quot;:&quot;classic&quot;,&quot;_ob_bbad_use_it&quot;:&quot;yes&quot;,&quot;_ob_bbad_sssic_use&quot;:&quot;no&quot;,&quot;_ob_glider_is_slider&quot;:&quot;no&quot;}\">\n\t\t\t\t\t\t<div class=\"elementor-container elementor-column-gap-default\">\n\t\t\t\t\t<div class=\"elementor-column elementor-col-100 elementor-top-column elementor-element elementor-element-73920483\" data-id=\"73920483\" data-element_type=\"column\" data-settings=\"{&quot;_ob_bbad_is_stalker&quot;:&quot;no&quot;,&quot;_ob_teleporter_use&quot;:false,&quot;_ob_column_hoveranimator&quot;:&quot;no&quot;,&quot;_ob_column_has_pseudo&quot;:&quot;no&quot;}\">\n\t\t\t<div class=\"elementor-widget-wrap elementor-element-populated\">\n\t\t\t\t\t\t\t\t<div class=\"elementor-element elementor-element-2f32b0ed ob-harakiri-inherit ob-has-background-overlay elementor-widget elementor-widget-heading\" data-id=\"2f32b0ed\" data-element_type=\"widget\" data-settings=\"{&quot;_ob_use_harakiri&quot;:&quot;yes&quot;,&quot;_ob_harakiri_writing_mode&quot;:&quot;inherit&quot;,&quot;_ob_harakiri_text_clip&quot;:&quot;none&quot;,&quot;_ob_perspektive_use&quot;:&quot;no&quot;,&quot;_ob_poopart_use&quot;:&quot;yes&quot;,&quot;_ob_shadough_use&quot;:&quot;no&quot;,&quot;_ob_allow_hoveranimator&quot;:&quot;no&quot;,&quot;_ob_widget_stalker_use&quot;:&quot;no&quot;}\" data-widget_type=\"heading.default\">\n\t\t\t\t<div class=\"elementor-widget-container\">\n\t\t\t<style>\/*! elementor - v3.9.2 - 21-12-2022 *\/\n.elementor-heading-title{padding:0;margin:0;line-height:1}.elementor-widget-heading .elementor-heading-title[class*=elementor-size-]>a{color:inherit;font-size:inherit;line-height:inherit}.elementor-widget-heading .elementor-heading-title.elementor-size-small{font-size:15px}.elementor-widget-heading .elementor-heading-title.elementor-size-medium{font-size:19px}.elementor-widget-heading .elementor-heading-title.elementor-size-large{font-size:29px}.elementor-widget-heading .elementor-heading-title.elementor-size-xl{font-size:39px}.elementor-widget-heading .elementor-heading-title.elementor-size-xxl{font-size:59px}<\/style><h1 class=\"elementor-heading-title elementor-size-default\">Colophon<\/h1>\t\t<\/div>\n\t\t\t\t<\/div>\n\t\t\t\t<div class=\"elementor-element elementor-element-6f6e56b4 ob-harakiri-inherit ob-has-background-overlay elementor-widget elementor-widget-text-editor\" data-id=\"6f6e56b4\" data-element_type=\"widget\" data-settings=\"{&quot;_ob_use_harakiri&quot;:&quot;yes&quot;,&quot;_ob_harakiri_writing_mode&quot;:&quot;inherit&quot;,&quot;_ob_postman_use&quot;:&quot;no&quot;,&quot;_ob_perspektive_use&quot;:&quot;no&quot;,&quot;_ob_poopart_use&quot;:&quot;yes&quot;,&quot;_ob_shadough_use&quot;:&quot;no&quot;,&quot;_ob_allow_hoveranimator&quot;:&quot;no&quot;,&quot;_ob_widget_stalker_use&quot;:&quot;no&quot;}\" data-widget_type=\"text-editor.default\">\n\t\t\t\t<div class=\"elementor-widget-container\">\n\t\t\t<style>\/*! elementor - v3.9.2 - 21-12-2022 *\/\n.elementor-widget-text-editor.elementor-drop-cap-view-stacked .elementor-drop-cap{background-color:#818a91;color:#fff}.elementor-widget-text-editor.elementor-drop-cap-view-framed .elementor-drop-cap{color:#818a91;border:3px solid;background-color:transparent}.elementor-widget-text-editor:not(.elementor-drop-cap-view-default) .elementor-drop-cap{margin-top:8px}.elementor-widget-text-editor:not(.elementor-drop-cap-view-default) .elementor-drop-cap-letter{width:1em;height:1em}.elementor-widget-text-editor .elementor-drop-cap{float:left;text-align:center;line-height:1;font-size:50px}.elementor-widget-text-editor .elementor-drop-cap-letter{display:inline-block}<\/style>\t\t\t\t<h5><strong>Mawena SNC<\/strong><\/h5><p>d. Kantioler Manfred &amp; Fink Werner<br \/>Runggen 3<br \/>39043 Chiusa (BZ)<br \/>Alto Adige, Italia<\/p><p>Tel. +39 380 7494855<br \/><a href=\"mailto:info@mawena-food.com\">info@mawena-food.com<\/a><br \/>PEC Mail <a href=\"mailto:mawena@pec.it\">mawena@pec.it<\/a><\/p><p>P.IVA 03 139 210 219<\/p><h5>\u00a0<\/h5><h5>Copyright per le immagini e grafiche utilizzate:<\/h5><p>\u00a0\u00a9 Philipp Raifer<br \/>\u00a0\u00a9 Felix Bacher<br \/>\u00a0\u00a9 Mawena OHG<\/p><h5>\u00a0<\/h5><h5>Concetto e realizzazione<\/h5><p>MUWit der Sandra Stablum<br \/>Citt\u00e1 Alta 60<br \/>39043 Chiusa (BZ)<\/p><p><strong>T<\/strong>\u00a0<a title=\"+39 347 1330206\" href=\"tel:00393471330206\" rel=\"\">+39 347 1330206<\/a><\/p><p>P. IVA: IT02730810211<br \/>Cod. fisc.: STB SDR 88 A44 B160 S<\/p><p><a href=\"mailto:info@muwit.it\">info@muwit.it<\/a><br \/><a title=\"www.muwit.it\" href=\"https:\/\/www.muwit.it\/\" target=\"_blank\" rel=\"nofollow noopener\">www.muwit.it<\/a><\/p><h5>\u00a0<\/h5><h5>Responsabile per il contenuto<\/h5><p>Mawena SNC d. Kantioler Manfred &amp; Fink Werner<\/p><h5>\u00a0<\/h5><h5>Dichiarazione liberatoria:\u00a0<\/h5><p><strong>Responsabilit\u00e0 per i contenuti<br \/><\/strong><\/p><p>I contenuti delle nostre pagine sono stati redatti, elaborati e controllati scrupolosamente. Tuttavia, non ci assumiamo nessuna responsabilit\u00e0 per la correttezza, qualit\u00e0, completezza e attualit\u00e0 dei contenuti, poich\u00e9 non \u00e8 da escludere che siano cambiati nel tempo. Come prestatori di servizi siamo responsabili per i contenuti di queste pagine in base alla normativa vigente. Nella nostra qualit\u00e0 di prestatori di servizi non siamo per\u00f2 obbligati a controllare l\u2019esattezza di informazioni ricevute o salvate da terzi, o a controllare se sussistano irregolarit\u00e0 che indichino un\u2019attivit\u00e0 illegale. L\u2019obbligo di rimuovere o bloccare l\u2019utilizzo di informazioni secondo la normativa vigente rimane valido. L\u2019assunzione di tale responsabilit\u00e0 \u00e8 tuttavia possibile solamente dopo il momento dell\u2019effettivo riconoscimento da parte nostra di una concreta violazione di diritto. Alla presa d\u2019atto di tali violazioni di legge provvederemo immediatamente alla rimozione dei contenuti in questione.<br \/>Si escludono di principio le rivendicazioni di responsabilit\u00e0 di qualsiasi tipo causate dall\u2019utilizzo di informazioni messe a disposizione, oppure da informazioni errate e\/o incomplete.<\/p><p><strong>Responsabilit\u00e0 per i link<\/strong><br \/>La nostra offerta contiene dei collegamenti ipertestuali con siti web esterni di terzi, sui cui contenuti non possiamo influire. Per questo motivo non forniamo nessuna garanzia sui contenuti dei siti web linkati, indipendentemente dal tipo e dalla natura. Ne \u00e8 responsabile solamente il relativo proprietario o gestore del sito. Un controllo permanente dei contenuti dei siti linkati al presente non \u00e8 fattibile senza concreti punti di riferimento. All\u2019avvenuta conoscenza d\u2019infrazioni contro la legge causate dai siti web linkati, i link in questione saranno subito rimossi.<\/p><p><strong>Copyright<\/strong><br \/>Tutti i contenuti e le opere creati dal web designer e dai gestori del sito sono protetti da copyright. La riproduzione, l\u2019alterazione, la distribuzione e qualsiasi forma di utilizzo, soprattutto per scopi commerciali, al di fuori dei limiti del diritto d\u2019autore, sono severamente vietate e ammesse esclusivamente previa autorizzazione scritta del relativo autore o creatore. Nel caso i contenuti di questa pagina non siano stati creati dal gestore, sono da rispettare i diritti di copyright di terzi. I contenuti redatti da terzi sono contrassegnati come tali. In caso doveste notare una violazione del copyright, vi preghiamo gentilmente di farci pervenire un\u2019apposita segnalazione. All\u2019atto di presa di conoscenza di tali violazioni di legge, i contenuti in questione saranno naturalmente rimossi subito, senza per\u00f2 assumerne nessuna responsabilit\u00e0.<\/p>\t\t\t\t\t\t<\/div>\n\t\t\t\t<\/div>\n\t\t\t\t\t<\/div>\n\t\t<\/div>\n\t\t\t\t\t\t\t<\/div>\n\t\t<\/section>\n\t\t\t\t\t\t\t<\/div>\n\t\t","protected":false},"excerpt":{"rendered":"<p>Colophon Mawena SNC d. Kantioler Manfred &amp; Fink WernerRunggen 339043 Chiusa (BZ)Alto Adige, Italia Tel. +39 380 7494855info@mawena-food.comPEC Mail mawena@pec.it P.IVA 03 139 210 219 \u00a0 Copyright per le immagini e grafiche utilizzate: \u00a0\u00a9 Philipp Raifer\u00a0\u00a9 Felix Bacher\u00a0\u00a9 Mawena OHG \u00a0 Concetto e realizzazione MUWit der Sandra StablumCitt\u00e1 Alta 6039043 Chiusa (BZ) T\u00a0+39 347 1330206 [&hellip;]<\/p>\n","protected":false},"author":1,"featured_media":0,"parent":0,"menu_order":0,"comment_status":"closed","ping_status":"closed","template":"","meta":[],"yoast_head":"<!-- This site is optimized with the Yoast SEO plugin v19.13 - https:\/\/yoast.com\/wordpress\/plugins\/seo\/ -->\n<title>Colophon<\/title>\n<meta name=\"description\" content=\"Colophon\" \/>\n<meta name=\"robots\" content=\"noindex, nofollow\" \/>\n<meta name=\"twitter:label1\" content=\"Tempo di lettura stimato\" \/>\n\t<meta name=\"twitter:data1\" content=\"3 minuti\" \/>\n<script type=\"application\/ld+json\" class=\"yoast-schema-graph\">{\"@context\":\"https:\/\/schema.org\",\"@graph\":[{\"@type\":\"WebPage\",\"@id\":\"https:\/\/www.mawena-food.com\/it\/colophon\/\",\"url\":\"https:\/\/www.mawena-food.com\/it\/colophon\/\",\"name\":\"Colophon\",\"isPartOf\":{\"@id\":\"https:\/\/www.mawena-food.com\/#website\"},\"datePublished\":\"2022-01-05T09:08:47+00:00\",\"dateModified\":\"2022-02-28T12:49:28+00:00\",\"description\":\"Colophon\",\"breadcrumb\":{\"@id\":\"https:\/\/www.mawena-food.com\/it\/colophon\/#breadcrumb\"},\"inLanguage\":\"it-IT\",\"potentialAction\":[{\"@type\":\"ReadAction\",\"target\":[\"https:\/\/www.mawena-food.com\/it\/colophon\/\"]}]},{\"@type\":\"BreadcrumbList\",\"@id\":\"https:\/\/www.mawena-food.com\/it\/colophon\/#breadcrumb\",\"itemListElement\":[{\"@type\":\"ListItem\",\"position\":1,\"name\":\"Startseite\",\"item\":\"https:\/\/www.mawena-food.com\/it\/\"},{\"@type\":\"ListItem\",\"position\":2,\"name\":\"Colophon\"}]},{\"@type\":\"WebSite\",\"@id\":\"https:\/\/www.mawena-food.com\/#website\",\"url\":\"https:\/\/www.mawena-food.com\/\",\"name\":\"Mawena\",\"description\":\"Handcrafted Alpine Food\",\"publisher\":{\"@id\":\"https:\/\/www.mawena-food.com\/#organization\"},\"potentialAction\":[{\"@type\":\"SearchAction\",\"target\":{\"@type\":\"EntryPoint\",\"urlTemplate\":\"https:\/\/www.mawena-food.com\/?s={search_term_string}\"},\"query-input\":\"required name=search_term_string\"}],\"inLanguage\":\"it-IT\"},{\"@type\":\"Organization\",\"@id\":\"https:\/\/www.mawena-food.com\/#organization\",\"name\":\"Mawena\",\"url\":\"https:\/\/www.mawena-food.com\/\",\"logo\":{\"@type\":\"ImageObject\",\"inLanguage\":\"it-IT\",\"@id\":\"https:\/\/www.mawena-food.com\/#\/schema\/logo\/image\/\",\"url\":\"https:\/\/www.mawena-food.com\/wp-content\/uploads\/2021\/12\/Mawena-Logo_negativ_trans.svg\",\"contentUrl\":\"https:\/\/www.mawena-food.com\/wp-content\/uploads\/2021\/12\/Mawena-Logo_negativ_trans.svg\",\"width\":841,\"height\":595,\"caption\":\"Mawena\"},\"image\":{\"@id\":\"https:\/\/www.mawena-food.com\/#\/schema\/logo\/image\/\"}}]}<\/script>\n<!-- \/ Yoast SEO plugin. -->","yoast_head_json":{"title":"Colophon","description":"Colophon","robots":{"index":"noindex","follow":"nofollow"},"twitter_misc":{"Tempo di lettura stimato":"3 minuti"},"schema":{"@context":"https:\/\/schema.org","@graph":[{"@type":"WebPage","@id":"https:\/\/www.mawena-food.com\/it\/colophon\/","url":"https:\/\/www.mawena-food.com\/it\/colophon\/","name":"Colophon","isPartOf":{"@id":"https:\/\/www.mawena-food.com\/#website"},"datePublished":"2022-01-05T09:08:47+00:00","dateModified":"2022-02-28T12:49:28+00:00","description":"Colophon","breadcrumb":{"@id":"https:\/\/www.mawena-food.com\/it\/colophon\/#breadcrumb"},"inLanguage":"it-IT","potentialAction":[{"@type":"ReadAction","target":["https:\/\/www.mawena-food.com\/it\/colophon\/"]}]},{"@type":"BreadcrumbList","@id":"https:\/\/www.mawena-food.com\/it\/colophon\/#breadcrumb","itemListElement":[{"@type":"ListItem","position":1,"name":"Startseite","item":"https:\/\/www.mawena-food.com\/it\/"},{"@type":"ListItem","position":2,"name":"Colophon"}]},{"@type":"WebSite","@id":"https:\/\/www.mawena-food.com\/#website","url":"https:\/\/www.mawena-food.com\/","name":"Mawena","description":"Handcrafted Alpine Food","publisher":{"@id":"https:\/\/www.mawena-food.com\/#organization"},"potentialAction":[{"@type":"SearchAction","target":{"@type":"EntryPoint","urlTemplate":"https:\/\/www.mawena-food.com\/?s={search_term_string}"},"query-input":"required name=search_term_string"}],"inLanguage":"it-IT"},{"@type":"Organization","@id":"https:\/\/www.mawena-food.com\/#organization","name":"Mawena","url":"https:\/\/www.mawena-food.com\/","logo":{"@type":"ImageObject","inLanguage":"it-IT","@id":"https:\/\/www.mawena-food.com\/#\/schema\/logo\/image\/","url":"https:\/\/www.mawena-food.com\/wp-content\/uploads\/2021\/12\/Mawena-Logo_negativ_trans.svg","contentUrl":"https:\/\/www.mawena-food.com\/wp-content\/uploads\/2021\/12\/Mawena-Logo_negativ_trans.svg","width":841,"height":595,"caption":"Mawena"},"image":{"@id":"https:\/\/www.mawena-food.com\/#\/schema\/logo\/image\/"}}]}},"_links":{"self":[{"href":"https:\/\/www.mawena-food.com\/it\/wp-json\/wp\/v2\/pages\/2364"}],"collection":[{"href":"https:\/\/www.mawena-food.com\/it\/wp-json\/wp\/v2\/pages"}],"about":[{"href":"https:\/\/www.mawena-food.com\/it\/wp-json\/wp\/v2\/types\/page"}],"author":[{"embeddable":true,"href":"https:\/\/www.mawena-food.com\/it\/wp-json\/wp\/v2\/users\/1"}],"replies":[{"embeddable":true,"href":"https:\/\/www.mawena-food.com\/it\/wp-json\/wp\/v2\/comments?post=2364"}],"version-history":[{"count":10,"href":"https:\/\/www.mawena-food.com\/it\/wp-json\/wp\/v2\/pages\/2364\/revisions"}],"predecessor-version":[{"id":2609,"href":"https:\/\/www.mawena-food.com\/it\/wp-json\/wp\/v2\/pages\/2364\/revisions\/2609"}],"wp:attachment":[{"href":"https:\/\/www.mawena-food.com\/it\/wp-json\/wp\/v2\/media?parent=2364"}],"curies":[{"name":"wp","href":"https:\/\/api.w.org\/{rel}","templated":true}]}}